{"id":394,"date":"2024-11-29T15:01:29","date_gmt":"2024-11-29T15:01:29","guid":{"rendered":"https:\/\/dertour-dmc.cloud.dmcit.tech\/sustainability\/"},"modified":"2025-01-02T10:11:15","modified_gmt":"2025-01-02T10:11:15","slug":"sustainability","status":"publish","type":"page","link":"https:\/\/dertour-dmc.com\/de\/sustainability\/","title":{"rendered":"Nachhaltigkeit"},"content":{"rendered":"\t\t<div data-elementor-type=\"wp-page\" data-elementor-id=\"394\" class=\"elementor elementor-394\" data-elementor-post-type=\"page\">\n\t\t\t\t<div data-particle_enable=\"false\" data-particle-mobile-disabled=\"false\" class=\"elementor-element elementor-element-2e0b5017 e-con-full elementor-hidden-mobile e-flex e-con e-parent\" data-id=\"2e0b5017\" data-element_type=\"container\" data-e-type=\"container\">\n\t\t\t\t<div class=\"elementor-element elementor-element-4a0c4287 elementor-widget elementor-widget-image\" data-id=\"4a0c4287\" data-element_type=\"widget\" data-e-type=\"widget\" data-widget_type=\"image.default\">\n\t\t\t\t\t\t<div class=\"elementor-widget-container\">\n\t\t\t\t\t\t\t\t\t\t\t\t\t\t\t<img fetchpriority=\"high\" decoding=\"async\" width=\"1920\" height=\"500\" src=\"https:\/\/dertour-dmc.com\/wp-content\/uploads\/sites\/2\/2024\/12\/03_Nachhaltigkeit_00_Startseite_Header.jpg\" class=\"attachment-full size-full wp-image-1028\" alt=\"\" srcset=\"https:\/\/dertour-dmc.com\/wp-content\/uploads\/sites\/2\/2024\/12\/03_Nachhaltigkeit_00_Startseite_Header.jpg 1920w, https:\/\/dertour-dmc.com\/wp-content\/uploads\/sites\/2\/2024\/12\/03_Nachhaltigkeit_00_Startseite_Header-300x78.jpg 300w, https:\/\/dertour-dmc.com\/wp-content\/uploads\/sites\/2\/2024\/12\/03_Nachhaltigkeit_00_Startseite_Header-1024x267.jpg 1024w, https:\/\/dertour-dmc.com\/wp-content\/uploads\/sites\/2\/2024\/12\/03_Nachhaltigkeit_00_Startseite_Header-768x200.jpg 768w, https:\/\/dertour-dmc.com\/wp-content\/uploads\/sites\/2\/2024\/12\/03_Nachhaltigkeit_00_Startseite_Header-1536x400.jpg 1536w\" sizes=\"(max-width: 1920px) 100vw, 1920px\" \/>\t\t\t\t\t\t\t\t\t\t\t\t\t\t\t<\/div>\n\t\t\t\t<\/div>\n\t\t\t\t<\/div>\n\t\t<div data-particle_enable=\"false\" data-particle-mobile-disabled=\"false\" class=\"elementor-element elementor-element-679c675e e-con-full elementor-hidden-desktop elementor-hidden-tablet e-flex e-con e-parent\" data-id=\"679c675e\" data-element_type=\"container\" data-e-type=\"container\">\n\t\t\t\t<div class=\"elementor-element elementor-element-53a429a7 elementor-widget elementor-widget-image\" data-id=\"53a429a7\" data-element_type=\"widget\" data-e-type=\"widget\" data-widget_type=\"image.default\">\n\t\t\t\t\t\t<div class=\"elementor-widget-container\">\n\t\t\t\t\t\t\t\t\t\t\t\t\t\t\t<img decoding=\"async\" width=\"350\" height=\"300\" src=\"https:\/\/dertour-dmc.com\/wp-content\/uploads\/sites\/2\/2024\/12\/03_Nachhaltigkeit_00_Startseite_Header_mobil-Kopie.png\" class=\"attachment-full size-full wp-image-779\" alt=\"\" srcset=\"https:\/\/dertour-dmc.com\/wp-content\/uploads\/sites\/2\/2024\/12\/03_Nachhaltigkeit_00_Startseite_Header_mobil-Kopie.png 350w, https:\/\/dertour-dmc.com\/wp-content\/uploads\/sites\/2\/2024\/12\/03_Nachhaltigkeit_00_Startseite_Header_mobil-Kopie-300x257.png 300w\" sizes=\"(max-width: 350px) 100vw, 350px\" \/>\t\t\t\t\t\t\t\t\t\t\t\t\t\t\t<\/div>\n\t\t\t\t<\/div>\n\t\t\t\t<\/div>\n\t\t<div data-particle_enable=\"false\" data-particle-mobile-disabled=\"false\" class=\"elementor-element elementor-element-002e9ce e-flex e-con-boxed e-con e-parent\" data-id=\"002e9ce\" data-element_type=\"container\" data-e-type=\"container\">\n\t\t\t\t\t<div class=\"e-con-inner\">\n\t\t\t\t<div class=\"elementor-element elementor-element-1852fb1 elementor-widget elementor-widget-shortcode\" data-id=\"1852fb1\" data-element_type=\"widget\" data-e-type=\"widget\" data-widget_type=\"shortcode.default\">\n\t\t\t\t\t\t<div class=\"elementor-widget-container\">\n\t\t\t\t\t\t\t<div class=\"elementor-shortcode\"><nav aria-label=\"breadcrumbs\" class=\"rank-math-breadcrumb\"><p><span class=\"last\">Home<\/span><\/p><\/nav><\/div>\n\t\t\t\t\t\t<\/div>\n\t\t\t\t<\/div>\n\t\t\t\t\t<\/div>\n\t\t\t\t<\/div>\n\t\t<div data-particle_enable=\"false\" data-particle-mobile-disabled=\"false\" class=\"elementor-element elementor-element-7fc494ae e-flex e-con-boxed e-con e-parent\" data-id=\"7fc494ae\" data-element_type=\"container\" data-e-type=\"container\">\n\t\t\t\t\t<div class=\"e-con-inner\">\n\t\t\t\t<div class=\"elementor-element elementor-element-4c733e2a elementor-widget elementor-widget-heading\" data-id=\"4c733e2a\" data-element_type=\"widget\" data-e-type=\"widget\" data-widget_type=\"heading.default\">\n\t\t\t\t\t\t<div class=\"elementor-widget-container\">\n\t\t\t\t\t<h1 class=\"elementor-heading-title elementor-size-default\">Nachhaltigkeit<\/h1>\t\t\t\t<\/div>\n\t\t\t\t<\/div>\n\t\t\t\t<div class=\"elementor-element elementor-element-1fa7c28f elementor-widget elementor-widget-text-editor\" data-id=\"1fa7c28f\" data-element_type=\"widget\" data-e-type=\"widget\" data-widget_type=\"text-editor.default\">\n\t\t\t\t\t\t<div class=\"elementor-widget-container\">\n\t\t\t\t\t\t\t\t\t<p>Unber\u00fchrte Natur, gro\u00dfartige Kulturdenkm\u00e4ler und stabile soziale Verh\u00e4ltnisse. Die Reisenden erwarten sch\u00f6ne, saubere und sichere Reiseziele.  Mehr als in jeder anderen Branche liegt es daher in jedermanns Interesse, die Lebensr\u00e4ume der Menschen sowie die nat\u00fcrlichen und kulturellen Sch\u00e4tze in den Ferienl\u00e4ndern zu bewahren. Das DERTOUR DMC-Netzwerk unterst\u00fctzt die kreative Kraft des nachhaltigen Tourismus. Mehr dazu: <span style=\"color: #e40028;\"><a style=\"color: #e40028;\" href=\"https:\/\/www.dertour-group.com\/nachhaltigkeit\/\" target=\"_blank\" rel=\"noopener\">DERTOUR-Gruppe Nachhaltigkeit<\/a><\/span> <\/p>\n\t\t\t\t\t\t\t\t<\/div>\n\t\t\t\t<\/div>\n\t\t\t\t\t<\/div>\n\t\t\t\t<\/div>\n\t\t<div data-particle_enable=\"false\" data-particle-mobile-disabled=\"false\" class=\"elementor-element elementor-element-51985f8 e-flex e-con-boxed e-con e-parent\" data-id=\"51985f8\" data-element_type=\"container\" data-e-type=\"container\">\n\t\t\t\t\t<div class=\"e-con-inner\">\n\t\t<div data-particle_enable=\"false\" data-particle-mobile-disabled=\"false\" class=\"elementor-element elementor-element-f7fa2f5 e-con-full e-flex e-con e-child\" data-id=\"f7fa2f5\" data-element_type=\"container\" data-e-type=\"container\">\n\t\t\t\t<div class=\"elementor-element elementor-element-4377fcd elementor-widget elementor-widget-text-editor\" data-id=\"4377fcd\" data-element_type=\"widget\" data-e-type=\"widget\" data-widget_type=\"text-editor.default\">\n\t\t\t\t\t\t<div class=\"elementor-widget-container\">\n\t\t\t\t\t\t\t\t\t<p>Angesichts der Vielschichtigkeit und Komplexit\u00e4t liegt es auf der Hand, dass Nachhaltigkeit nicht von heute auf morgen erreicht werden kann. Vielmehr handelt es sich um einen langen und kontinuierlichen Transformationsprozess, der das Mitdenken und Mitwirken aller Beteiligten erfordert. Deshalb arbeiten wir vom DERTOUR DMC-Netzwerk mit unseren Dienstleistern, in Brancheninitiativen und gemeinsam mit der Zivilgesellschaft an nachhaltigen Weiterentwicklungen und Verbesserungen. In den letzten Jahren haben wir viele Initiativen und Projekte umgesetzt, um den Tourismus in allen Bereichen aktiv nachhaltiger zu gestalten. Mehr dazu: <span style=\"color: #e40028;\"><a style=\"color: #e40028;\" href=\"https:\/\/www.dertouristik-foundation.com\/\" target=\"_blank\" rel=\"noopener\">DER Touristik Foundation e.V.<\/a><\/span>     <\/p>\n<p>Unsere DMCs sind Mitglieder von Travelife. Dadurch haben wir Zugang zu den Fachkenntnissen und Ressourcen von Travelife. Aktuell durchlaufen unsere DMCs den Zertifizierungsprozess, um Schritt f\u00fcr Schritt auf die Einhaltung der internationalen Nachhaltigkeitsstandards hinzuarbeiten.  <\/p>\n\t\t\t\t\t\t\t\t<\/div>\n\t\t\t\t<\/div>\n\t\t\t\t<\/div>\n\t\t<div data-particle_enable=\"false\" data-particle-mobile-disabled=\"false\" class=\"elementor-element elementor-element-3699ba2 e-con-full e-flex e-con e-child\" data-id=\"3699ba2\" data-element_type=\"container\" data-e-type=\"container\">\n\t\t\t\t<div class=\"elementor-element elementor-element-ebd38c0 elementor-widget elementor-widget-video\" data-id=\"ebd38c0\" data-element_type=\"widget\" data-e-type=\"widget\" data-settings=\"{&quot;video_type&quot;:&quot;hosted&quot;,&quot;controls&quot;:&quot;yes&quot;}\" data-widget_type=\"video.default\">\n\t\t\t\t\t\t<div class=\"elementor-widget-container\">\n\t\t\t\t\t\t\t<div class=\"e-hosted-video elementor-wrapper elementor-open-inline\">\n\t\t\t\t\t<video class=\"elementor-video\" src=\"https:\/\/dertouristik-dmc.com\/wp-content\/uploads\/2023\/07\/FINAL_DT_TouristikFoundation_V08_230705.mp4\" controls=\"\" preload=\"metadata\" controlsList=\"nodownload\" poster=\"https:\/\/dertour-dmc.cloud.dmcit.tech\/wp-content\/uploads\/sites\/2\/2024\/12\/Video-preview-poster.png\"><\/video>\n\t\t\t\t<\/div>\n\t\t\t\t\t\t<\/div>\n\t\t\t\t<\/div>\n\t\t\t\t<\/div>\n\t\t\t\t\t<\/div>\n\t\t\t\t<\/div>\n\t\t<div data-particle_enable=\"false\" data-particle-mobile-disabled=\"false\" class=\"elementor-element elementor-element-0718f1a e-flex e-con-boxed e-con e-parent\" data-id=\"0718f1a\" data-element_type=\"container\" data-e-type=\"container\">\n\t\t\t\t\t<div class=\"e-con-inner\">\n\t\t\t\t<div class=\"elementor-element elementor-element-6af8696 elementor-widget elementor-widget-heading\" data-id=\"6af8696\" data-element_type=\"widget\" data-e-type=\"widget\" data-widget_type=\"heading.default\">\n\t\t\t\t\t\t<div class=\"elementor-widget-container\">\n\t\t\t\t\t<h2 class=\"elementor-heading-title elementor-size-default\">Kinderrechte machen niemals Ferien<\/h2>\t\t\t\t<\/div>\n\t\t\t\t<\/div>\n\t\t\t\t\t<\/div>\n\t\t\t\t<\/div>\n\t\t<div data-particle_enable=\"false\" data-particle-mobile-disabled=\"false\" class=\"elementor-element elementor-element-fc5aa52 e-flex e-con-boxed e-con e-parent\" data-id=\"fc5aa52\" data-element_type=\"container\" data-e-type=\"container\">\n\t\t\t\t\t<div class=\"e-con-inner\">\n\t\t<div data-particle_enable=\"false\" data-particle-mobile-disabled=\"false\" class=\"elementor-element elementor-element-81d54fb e-con-full e-flex e-con e-child\" data-id=\"81d54fb\" data-element_type=\"container\" data-e-type=\"container\">\n\t\t\t\t<div class=\"elementor-element elementor-element-d09598b elementor-widget elementor-widget-image\" data-id=\"d09598b\" data-element_type=\"widget\" data-e-type=\"widget\" data-widget_type=\"image.default\">\n\t\t\t\t\t\t<div class=\"elementor-widget-container\">\n\t\t\t\t\t\t\t\t\t\t\t\t\t\t\t<img decoding=\"async\" width=\"1024\" height=\"1024\" src=\"https:\/\/dertour-dmc.com\/wp-content\/uploads\/sites\/2\/2024\/12\/ECPAT_Button_Report-1200x1200-1-1024x1024.png\" class=\"attachment-large size-large wp-image-365\" alt=\"\" srcset=\"https:\/\/dertour-dmc.com\/wp-content\/uploads\/sites\/2\/2024\/12\/ECPAT_Button_Report-1200x1200-1-1024x1024.png 1024w, https:\/\/dertour-dmc.com\/wp-content\/uploads\/sites\/2\/2024\/12\/ECPAT_Button_Report-1200x1200-1-300x300.png 300w, https:\/\/dertour-dmc.com\/wp-content\/uploads\/sites\/2\/2024\/12\/ECPAT_Button_Report-1200x1200-1-150x150.png 150w, https:\/\/dertour-dmc.com\/wp-content\/uploads\/sites\/2\/2024\/12\/ECPAT_Button_Report-1200x1200-1-768x768.png 768w, https:\/\/dertour-dmc.com\/wp-content\/uploads\/sites\/2\/2024\/12\/ECPAT_Button_Report-1200x1200-1.png 1200w\" sizes=\"(max-width: 1024px) 100vw, 1024px\" \/>\t\t\t\t\t\t\t\t\t\t\t\t\t\t\t<\/div>\n\t\t\t\t<\/div>\n\t\t\t\t<\/div>\n\t\t<div data-particle_enable=\"false\" data-particle-mobile-disabled=\"false\" class=\"elementor-element elementor-element-a28adcc e-con-full e-flex e-con e-child\" data-id=\"a28adcc\" data-element_type=\"container\" data-e-type=\"container\">\n\t\t\t\t<div class=\"elementor-element elementor-element-258808c elementor-widget elementor-widget-text-editor\" data-id=\"258808c\" data-element_type=\"widget\" data-e-type=\"widget\" data-widget_type=\"text-editor.default\">\n\t\t\t\t\t\t<div class=\"elementor-widget-container\">\n\t\t\t\t\t\t\t\t\t<p>Das Wohl der Kinder liegt der DERTOUR Group am Herzen. Sie verpflichtet sich selbst sowie ihre Partner, Lieferanten und Dienstleister, die Rechte von Kindern im Tourismus zu wahren. <\/p>\n<p><span style=\"color: #e40028;\"><a style=\"color: #e40028;\" href=\"https:\/\/www.dertour-group.com\/nachhaltigkeit\/bewusst-reisen\/kinderschutz\/\" target=\"_blank\" rel=\"noopener\">Erfahren Sie mehr \u00fcber Kinderschutz<\/a><\/span><\/p>\n\t\t\t\t\t\t\t\t<\/div>\n\t\t\t\t<\/div>\n\t\t\t\t<\/div>\n\t\t\t\t\t<\/div>\n\t\t\t\t<\/div>\n\t\t\t\t<\/div>\n\t\t","protected":false},"excerpt":{"rendered":"<p>Nachhaltigkeit Unber\u00fchrte Natur, gro\u00dfartige Kulturdenkm\u00e4ler und stabile soziale Verh\u00e4ltnisse. Die Reisenden erwarten sch\u00f6ne, saubere und sichere Reiseziele. Mehr als in jeder anderen Branche liegt es daher in jedermanns Interesse, die Lebensr\u00e4ume der Menschen sowie die nat\u00fcrlichen und kulturellen Sch\u00e4tze in den Ferienl\u00e4ndern zu bewahren. Das DERTOUR DMC-Netzwerk unterst\u00fctzt die kreative Kraft des nachhaltigen Tourismus. Mehr [&hellip;]<\/p>\n","protected":false},"author":5,"featured_media":0,"parent":0,"menu_order":0,"comment_status":"closed","ping_status":"closed","template":"","meta":{"footnotes":""},"class_list":["post-394","page","type-page","status-publish","hentry","wpbf-post"],"_links":{"self":[{"href":"https:\/\/dertour-dmc.com\/de\/wp-json\/wp\/v2\/pages\/394","targetHints":{"allow":["GET"]}}],"collection":[{"href":"https:\/\/dertour-dmc.com\/de\/wp-json\/wp\/v2\/pages"}],"about":[{"href":"https:\/\/dertour-dmc.com\/de\/wp-json\/wp\/v2\/types\/page"}],"author":[{"embeddable":true,"href":"https:\/\/dertour-dmc.com\/de\/wp-json\/wp\/v2\/users\/5"}],"replies":[{"embeddable":true,"href":"https:\/\/dertour-dmc.com\/de\/wp-json\/wp\/v2\/comments?post=394"}],"version-history":[{"count":5,"href":"https:\/\/dertour-dmc.com\/de\/wp-json\/wp\/v2\/pages\/394\/revisions"}],"predecessor-version":[{"id":1209,"href":"https:\/\/dertour-dmc.com\/de\/wp-json\/wp\/v2\/pages\/394\/revisions\/1209"}],"wp:attachment":[{"href":"https:\/\/dertour-dmc.com\/de\/wp-json\/wp\/v2\/media?parent=394"}],"curies":[{"name":"wp","href":"https:\/\/api.w.org\/{rel}","templated":true}]}}