{"id":214,"date":"2024-11-29T15:02:15","date_gmt":"2024-11-29T15:02:15","guid":{"rendered":"https:\/\/dertour-dmc.cloud.dmcit.tech\/legal-information\/"},"modified":"2025-02-07T15:18:26","modified_gmt":"2025-02-07T15:18:26","slug":"impressum","status":"publish","type":"page","link":"https:\/\/dertour-dmc.com\/de\/impressum\/","title":{"rendered":"Impressum"},"content":{"rendered":"\t\t<div data-elementor-type=\"wp-page\" data-elementor-id=\"214\" class=\"elementor elementor-214 elementor-122\" data-elementor-post-type=\"page\">\n\t\t\t\t<div data-particle_enable=\"false\" data-particle-mobile-disabled=\"false\" class=\"elementor-element elementor-element-02aaf2f e-flex e-con-boxed e-con e-parent\" data-id=\"02aaf2f\" data-element_type=\"container\" data-e-type=\"container\">\n\t\t\t\t\t<div class=\"e-con-inner\">\n\t\t\t\t<div class=\"elementor-element elementor-element-aa78bf0 elementor-widget elementor-widget-shortcode\" data-id=\"aa78bf0\" data-element_type=\"widget\" data-e-type=\"widget\" data-widget_type=\"shortcode.default\">\n\t\t\t\t\t\t<div class=\"elementor-widget-container\">\n\t\t\t\t\t\t\t<div class=\"elementor-shortcode\"><nav aria-label=\"breadcrumbs\" class=\"rank-math-breadcrumb\"><p><span class=\"last\">Home<\/span><\/p><\/nav><\/div>\n\t\t\t\t\t\t<\/div>\n\t\t\t\t<\/div>\n\t\t\t\t\t<\/div>\n\t\t\t\t<\/div>\n\t\t<div data-particle_enable=\"false\" data-particle-mobile-disabled=\"false\" class=\"elementor-element elementor-element-75c0108 e-flex e-con-boxed e-con e-parent\" data-id=\"75c0108\" data-element_type=\"container\" data-e-type=\"container\">\n\t\t\t\t\t<div class=\"e-con-inner\">\n\t\t\t\t<div class=\"elementor-element elementor-element-b023731 elementor-widget elementor-widget-heading\" data-id=\"b023731\" data-element_type=\"widget\" data-e-type=\"widget\" data-widget_type=\"heading.default\">\n\t\t\t\t\t\t<div class=\"elementor-widget-container\">\n\t\t\t\t\t<h1 class=\"elementor-heading-title elementor-size-default\">Impressum<\/h1>\t\t\t\t<\/div>\n\t\t\t\t<\/div>\n\t\t\t\t\t<\/div>\n\t\t\t\t<\/div>\n\t\t<div data-particle_enable=\"false\" data-particle-mobile-disabled=\"false\" class=\"elementor-element elementor-element-23ee40e e-flex e-con-boxed e-con e-parent\" data-id=\"23ee40e\" data-element_type=\"container\" data-e-type=\"container\">\n\t\t\t\t\t<div class=\"e-con-inner\">\n\t\t\t\t<div class=\"elementor-element elementor-element-9917676 elementor-widget elementor-widget-text-editor\" data-id=\"9917676\" data-element_type=\"widget\" data-e-type=\"widget\" data-widget_type=\"text-editor.default\">\n\t\t\t\t\t\t<div class=\"elementor-widget-container\">\n\t\t\t\t\t\t\t\t\t<p>DERTOUR DMC GmbH<br \/>Humboldt Street 140-144<br \/>D \u2013 51149 K\u00f6ln<br \/>Deutschland<\/p><p>Tel: +49 2203 42-0<br \/>Fax: +49 2203 42-247<br \/>Mail: <span style=\"color: #e40028;\">info@dertour.com<\/span><br \/>Internet: www.dertouristik-dmc.com<\/p><p>Gesch\u00e4ftsf\u00fchrende Direktoren: Leif Vase Larsen, Dominik Roolf, Dr. Klaus-Ulrich Sperl <br \/>Amtsgericht: K\u00f6ln HRB 89521 <br \/>Umsatzsteuer-Identifikationsnummer gem\u00e4\u00df \u00a727a Umsatzsteuergesetz: DE315166600<\/p><p>Inhaltlich Verantwortlicher gem\u00e4\u00df \u00a718 Abs.. 2MStV:<br \/>DERTOUR DMC GmbH<\/p><h2>\u00a0<\/h2><h2>Digital Services Act (DSA)<\/h2><p><b>Meldung illegaler Inhalte<\/b><br \/>Zentrale Anlaufstelle f\u00fcr die Beh\u00f6rden der Mitgliedstaaten, die Kommission und den Verwaltungsrat gem\u00e4\u00df Art. 11 DSA: <a href=\"mailto:behoerdenkontakt.dsa@dertouristik.com\" target=\"_blank\" rel=\"noopener\"><span style=\"color: #e40028;\">behoerdenkontakt.dsa@dertouristik.com<\/span><\/a>. Die Kommunikation ist in deutscher oder englischer Sprache m\u00f6glich. Rechtswidrige Inhalte k\u00f6nnen mit diesem <span style=\"color: #e40028;\"><a style=\"color: #e40028;\" href=\"https:\/\/www.dertour-group.com\/impressum\/meldung-illegaler-inhalte\/\" target=\"_blank\" rel=\"noopener\">Formular<\/a><\/span> gemeldet werden.<\/p><p>Nutzerinnen und Nutzer, die von Entscheidungen des internen Beschwerdemanagementsystems (gem\u00e4\u00df Art. 20 DSA) betroffen sind, haben das Recht zur Beilegung von Streitigkeiten im Zusammenhang mit diesen Entscheidungen, eine zertifizierte au\u00dfergerichtliche Streitbeilegungsstelle zu w\u00e4hlen. Dies gilt auch f\u00fcr Beschwerden, die nicht mit den Mitteln des internen Beschwerdemanagementsystems gel\u00f6st wurden.<\/p><h2>\u00a0<\/h2><h2>Credits &amp; Copyrights<\/h2><p><b>Icons:<\/b><br \/>Icons made by DERTOUR Deutschland GmbH.<\/p><p><b>Urheberrecht:<\/b><br \/>Der Inhalt der Website der DERTOUR DMC GmbH ist urheberrechtlich gesch\u00fctzt. Alle Rechte vorbehalten. Mit Ausnahme der angebotenen Downloads zur Verwendung in der Originalfassung verst\u00f6\u00dft die Verwendung der Texte und Abbildungen, auch auszugsweise, ohne die vorherige schriftliche Zustimmung der DERTOUR DMC GmbH gegen die Bestimmungen des Urheberrechts und ist damit rechtswidrig. Dies gilt insbesondere auch f\u00fcr alle Verwertungsrechte wie die Vervielf\u00e4ltigung, die \u00dcbersetzung oder die Verwendung in elektronischen Systemen. Auf unserer Website werden eingetragene Marken, Handelsnamen und Logos verwendet. Auch wenn diese an den jeweiligen Stellen nicht als solche gekennzeichnet sind, gelten die entsprechenden gesetzlichen Bestimmungen.\u00a0<\/p><p>Alle Rechte vorbehalten.<\/p><p><b>Foto Credits:<\/b><br \/>HOME<br \/>Cala Gat in Cala Ratjada: @ Simon Dannhauer \/ Shutterstock<br \/>Couple Kayak and Ocean: @Peopleimages.com \/ Shutterstock<br \/>Areal view of mangrove forest: N\u00b01910031359 \/ Getty Images<br \/>Lupins of Lake Tekapo: N\u00b0 607280514 \/ Getty Images<\/p><p>SERVICES<br \/>Couple Kayak and Ocean: @Peopleimages.com \/ Shutterstock<\/p><p>ZIELGEBIETE<br \/>Areal view of mangrove forest: N\u00b01910031359 \/ Getty Images<\/p><p>KONTAKT<br \/>Three women and mature man talking on the beach: N\u00b0 1171150054 \/ Getty Images<\/p>\t\t\t\t\t\t\t\t<\/div>\n\t\t\t\t<\/div>\n\t\t\t\t\t<\/div>\n\t\t\t\t<\/div>\n\t\t\t\t<\/div>\n\t\t","protected":false},"excerpt":{"rendered":"<p>Impressum DERTOUR DMC GmbHHumboldt Street 140-144D \u2013 51149 K\u00f6lnDeutschland Tel: +49 2203 42-0Fax: +49 2203 42-247Mail: info@dertour.comInternet: www.dertouristik-dmc.com Gesch\u00e4ftsf\u00fchrende Direktoren: Leif Vase Larsen, Dominik Roolf, Dr. Klaus-Ulrich Sperl Amtsgericht: K\u00f6ln HRB 89521 Umsatzsteuer-Identifikationsnummer gem\u00e4\u00df \u00a727a Umsatzsteuergesetz: DE315166600 Inhaltlich Verantwortlicher gem\u00e4\u00df \u00a718 Abs.. 2MStV:DERTOUR DMC GmbH \u00a0 Digital Services Act (DSA) Meldung illegaler InhalteZentrale Anlaufstelle f\u00fcr [&hellip;]<\/p>\n","protected":false},"author":5,"featured_media":0,"parent":0,"menu_order":0,"comment_status":"closed","ping_status":"closed","template":"","meta":{"footnotes":""},"class_list":["post-214","page","type-page","status-publish","hentry","wpbf-post"],"_links":{"self":[{"href":"https:\/\/dertour-dmc.com\/de\/wp-json\/wp\/v2\/pages\/214","targetHints":{"allow":["GET"]}}],"collection":[{"href":"https:\/\/dertour-dmc.com\/de\/wp-json\/wp\/v2\/pages"}],"about":[{"href":"https:\/\/dertour-dmc.com\/de\/wp-json\/wp\/v2\/types\/page"}],"author":[{"embeddable":true,"href":"https:\/\/dertour-dmc.com\/de\/wp-json\/wp\/v2\/users\/5"}],"replies":[{"embeddable":true,"href":"https:\/\/dertour-dmc.com\/de\/wp-json\/wp\/v2\/comments?post=214"}],"version-history":[{"count":18,"href":"https:\/\/dertour-dmc.com\/de\/wp-json\/wp\/v2\/pages\/214\/revisions"}],"predecessor-version":[{"id":1765,"href":"https:\/\/dertour-dmc.com\/de\/wp-json\/wp\/v2\/pages\/214\/revisions\/1765"}],"wp:attachment":[{"href":"https:\/\/dertour-dmc.com\/de\/wp-json\/wp\/v2\/media?parent=214"}],"curies":[{"name":"wp","href":"https:\/\/api.w.org\/{rel}","templated":true}]}}